{"id":877,"date":"2024-01-22T05:33:57","date_gmt":"2024-01-22T05:33:57","guid":{"rendered":"https:\/\/www.campingstubai.at\/protezione-dei-dati\/"},"modified":"2024-05-16T09:25:17","modified_gmt":"2024-05-16T09:25:17","slug":"protezione-dei-dati","status":"publish","type":"page","link":"https:\/\/www.campingstubai.at\/it\/protezione-dei-dati\/","title":{"rendered":"Protezione dei dati"},"content":{"rendered":"<div class=\"wpb-content-wrapper\"><p>[vc_row][vc_column]<style>@media (min-width: 768px) { .ld_spacer_69f453cab7a2a{height:230px};}@media (min-width: 992px) { .ld_spacer_69f453cab7a2a{height:230px};}@media (min-width: 1200px) { .ld_spacer_69f453cab7a2a{height:230px};}<\/style>\n<div class=\"ld-empty-space ld_spacer_69f453cab7a2a\"><span class=\"liquid_empty_space_inner\"><\/span><\/div>[vc_column_text]<\/p>\n<h2 style=\"text-align: center;\">Protezione dei dati<\/h2>\n<p>[\/vc_column_text][vc_empty_space height=&#8221;60px&#8221;][\/vc_column][\/vc_row][vc_row gap=&#8221;35&#8243;][vc_column][vc_column_text]<\/p>\n<div class=\"wpb_text_column wpb_content_element \">\n<div class=\"wpb_wrapper\">\n<p><strong>Ambito di applicazione<br \/>\n<\/strong>La presente dichiarazione sulla protezione dei dati personali informa gli utenti sul tipo, l&#8217;ambito e lo scopo della raccolta e dell&#8217;utilizzo dei dati personali da parte del fornitore responsabile vedi <a href=\"https:\/\/www.campingstubai.at\/it\/impronta\/\">IMPRINT<\/a> su questo sito web (di seguito &#8220;offerta&#8221;).<\/p>\n<p><strong>Dati di accesso\/file di log del server<br \/>\n<\/strong>Il fornitore (o il suo fornitore di spazio web) raccoglie dati su ogni accesso al sito web (i cosiddetti file di log del server). I dati di accesso comprendono:<\/p>\n<p>Nome del sito web visitato, file, data e ora dell&#8217;accesso, quantit\u00e0 di dati trasferiti, notifica di accesso riuscito, tipo e versione del browser, sistema operativo dell&#8217;utente, URL di riferimento (la pagina visitata in precedenza), indirizzo IP e provider richiedente.<\/p>\n<p>Il fornitore utilizza i dati di log solo per valutazioni statistiche ai fini del funzionamento, della sicurezza e dell&#8217;ottimizzazione dell&#8217;offerta. Tuttavia, il provider si riserva il diritto di controllare i dati di log in modo retrospettivo se esiste un sospetto fondato di uso illegale basato su prove concrete.<\/p>\n<p><strong>Trattamento dei dati personali<br \/>\n<\/strong>I dati personali sono informazioni che possono essere utilizzate per identificare una persona, ossia informazioni che possono essere ricondotte a una persona. Questo include il nome, l&#8217;indirizzo e-mail o il numero di telefono. Ma anche i dati relativi alle preferenze, agli hobby, alle appartenenze o ai siti web visitati da qualcuno sono considerati dati personali.<\/p>\n<p>I dati personali vengono raccolti, utilizzati e trasmessi dal fornitore solo se ci\u00f2 \u00e8 consentito dalla legge o se l&#8217;utente acconsente alla raccolta dei dati.<\/p>\n<p><strong>Contatti<br \/>\n<\/strong>Quando si contatta il fornitore (ad esempio tramite modulo di contatto o e-mail), i dati dell&#8217;utente vengono memorizzati allo scopo di elaborare la richiesta e nel caso in cui sorgano domande successive.<\/p>\n<p><strong>Commenti e post<br \/>\n<\/strong>Quando gli utenti lasciano commenti nel blog o altri post, i loro indirizzi IP vengono salvati. Questo viene fatto per la sicurezza del provider nel caso in cui qualcuno scriva contenuti illegali nei commenti e nei post (insulti, propaganda politica vietata, ecc.). In questo caso, il provider stesso pu\u00f2 essere perseguito per il commento o il contributo ed \u00e8 quindi interessato all&#8217;identit\u00e0 dell&#8217;autore.<\/p>\n<p><strong>Newsletter<br \/>\n<\/strong>Con la newsletter ti informiamo su di noi e sulle nostre offerte.<\/p>\n<p>Se desideri ricevere la newsletter, ti chiediamo un indirizzo e-mail valido e informazioni che ci permettano di verificare che tu sia il proprietario dell&#8217;indirizzo e-mail fornito o che il proprietario accetti di ricevere la newsletter. Non vengono raccolti altri dati. Questi dati vengono utilizzati solo per l&#8217;invio della newsletter e non vengono trasmessi a terzi.<\/p>\n<p>Quando ti registri alla newsletter, salviamo il tuo indirizzo IP e la data di registrazione. Questa memorizzazione serve esclusivamente come prova nel caso in cui una terza persona utilizzi impropriamente un indirizzo e-mail e si registri per ricevere la newsletter all&#8217;insaputa della persona autorizzata.<\/p>\n<p>Puoi revocare il tuo consenso alla memorizzazione dei dati, dell&#8217;indirizzo e-mail e del suo utilizzo per l&#8217;invio della newsletter in qualsiasi momento. La cancellazione pu\u00f2 essere effettuata tramite un link nelle newsletter stesse, nell&#8217;area del tuo profilo o inviando un messaggio alle opzioni di contatto sopra indicate.<\/p>\n<p><strong>Integrazione di servizi e contenuti di terze parti<br \/>\n<\/strong>Pu\u00f2 accadere che contenuti di terze parti, come video da YouTube, mappe da Google Maps, feed RSS o grafica da altri siti web siano integrati in questa offerta online. Ci\u00f2 presuppone sempre che i fornitori di questi contenuti (di seguito denominati &#8220;fornitori terzi&#8221;) riconoscano l&#8217;indirizzo IP dell&#8217;utente. Senza l&#8217;indirizzo IP, non sarebbero in grado di inviare il contenuto al browser del rispettivo utente. L&#8217;indirizzo IP \u00e8 quindi necessario per visualizzare questo contenuto. Ci sforziamo di utilizzare solo contenuti i cui rispettivi fornitori utilizzano l&#8217;indirizzo IP solo per fornire il contenuto. Tuttavia, non abbiamo alcuna influenza su questo aspetto se i fornitori terzi memorizzano l&#8217;indirizzo IP, ad esempio per scopi statistici. Nella misura in cui ne siamo a conoscenza, ne informeremo gli utenti.<\/p>\n<p><strong>Cookies<br \/>\n<\/strong>I cookies sono piccoli file che consentono di memorizzare informazioni specifiche relative al dispositivo sul dispositivo di accesso dell&#8217;utente (PC, smartphone, ecc.). Da un lato, sono utili per la facilit\u00e0 d&#8217;uso dei siti web e quindi per gli utenti (ad esempio, la memorizzazione dei dati di login). D&#8217;altro canto, vengono utilizzati per registrare dati statistici sull&#8217;utilizzo del sito web e per poterli analizzare allo scopo di migliorare l&#8217;offerta. Gli utenti possono influenzare l&#8217;uso dei cookie. La maggior parte dei browser dispone di un&#8217;opzione per limitare o impedire completamente il salvataggio dei cookie. Tuttavia, va notato che l&#8217;uso e in particolare la facilit\u00e0 d&#8217;uso sono limitati senza i cookie.<\/p>\n<p>Puoi gestire molti cookie pubblicitari online delle aziende tramite il sito statunitense <a href=\"http:\/\/www.aboutads.info\/choices\/\">http:\/\/www.aboutads.info\/choices\/<\/a> o il sito UE <a href=\"http:\/\/www.youronlinechoices.com\/uk\/your-ad-choices\/\">http:\/\/www.youronlinechoices.com\/uk\/your-ad-choices\/. <\/a><\/p>\n<p><strong>Google Analytics<br \/>\n<\/strong>Questo sito web utilizza Google Analytics, un servizio di analisi web fornito da Google Inc. (&#8220;Google&#8221;). Google Analytics utilizza i cosiddetti &#8220;cookie&#8221;, file di testo che vengono memorizzati sul computer dell&#8217;utente e che consentono di analizzare l&#8217;utilizzo del sito web. Le informazioni generate dal cookie sull&#8217;utilizzo di questo sito web da parte dell&#8217;utente vengono solitamente trasmesse a un server di Google negli Stati Uniti e l\u00ec memorizzate.<\/p>\n<p>Tuttavia, se l&#8217;anonimizzazione dell&#8217;IP \u00e8 attivata su questo sito web, l&#8217;indirizzo IP degli utenti di Google all&#8217;interno degli Stati membri dell&#8217;Unione Europea o in altri Stati firmatari dell&#8217;Accordo sullo Spazio Economico Europeo verr\u00e0 troncato in anticipo. Solo in casi eccezionali l&#8217;indirizzo IP completo verr\u00e0 trasmesso a un server di Google negli Stati Uniti e l\u00ec troncato. L&#8217;anonimizzazione dell&#8217;IP \u00e8 attiva su questo sito web. Per conto del gestore di questo sito web, Google utilizzer\u00e0 queste informazioni per analizzare l&#8217;utilizzo del sito web da parte degli utenti, per compilare report sulle attivit\u00e0 del sito web e per fornire altri servizi relativi alle attivit\u00e0 del sito web e all&#8217;utilizzo di internet al gestore del sito web.<\/p>\n<p>L&#8217;indirizzo IP trasmesso dal tuo browser nell&#8217;ambito di Google Analytics non verr\u00e0 unito ad altri dati di Google. Gli utenti possono impedire la memorizzazione dei cookie impostando di conseguenza il software del proprio browser; tuttavia, questa offerta fa presente agli utenti che in questo caso potrebbero non essere in grado di utilizzare appieno tutte le funzioni di questo sito web. Gli utenti possono inoltre impedire a Google di raccogliere i dati generati dal cookie e relativi al loro utilizzo del sito web (compreso l&#8217;indirizzo IP) e di elaborare questi dati da parte di Google scaricando e installando il plug-in del browser disponibile al seguente link<a href=\"http:\/\/tools.google.com\/dlpage\/gaoptout?hl=de\">:http:\/\/tools.google.com\/dlpage\/gaoptout?hl=de.<\/a><\/p>\n<p>In alternativa al componente aggiuntivo del browser o all&#8217;interno dei browser dei dispositivi mobili, <a id=\"GAOptOut\" title=\"Imposta il cookie di opt-out di Google Analytics\"><\/a>, clicca su questo link per impedire a Google Analytics di raccogliere dati all&#8217;interno di questo sito web in futuro. Un cookie di opt-out viene memorizzato sul tuo dispositivo. Se cancelli i tuoi cookie, devi cliccare nuovamente su questo link.<\/p>\n<p><strong>Utilizzo dei social plugin di Facebook<br \/>\n<\/strong>Questo sito web utilizza i social plugin (&#8220;plugin&#8221;) del social network facebook.com, gestito da Facebook Inc, 1601 S. California Ave, Palo Alto, CA 94304, USA (&#8220;Facebook&#8221;). I plugin sono riconoscibili da uno dei loghi di Facebook (la &#8220;f&#8221; bianca su una piastrella blu o il segno del &#8220;pollice in su&#8221;) o sono contrassegnati dall&#8217;aggiunta &#8220;Facebook Social Plugin&#8221;. L&#8217;elenco e l&#8217;aspetto dei social plugin di Facebook possono essere visualizzati qui:  <a href=\"https:\/\/developers.facebook.com\/docs\/plugins\/\">https:\/\/developers.facebook.com\/docs\/plugins\/.<\/a><\/p>\n<p>Quando un utente accede a una pagina web di questo sito che contiene tale plugin, il suo browser stabilisce una connessione diretta con i server di Facebook. Il contenuto del plugin viene trasmesso da Facebook direttamente al tuo browser, che lo integra nel sito web. Il fornitore non ha quindi alcuna influenza sulla portata dei dati che Facebook raccoglie con l&#8217;aiuto di questo plugin e quindi informa gli utenti in base al suo <a href=\"http:\/\/www.facebook.com\/help\/?faq=17512\">livello di conoscenza<\/a>:<\/p>\n<p>Integrando i plugin, Facebook riceve l&#8217;informazione che un utente \u00e8 entrato nella pagina corrispondente del sito web. Se l&#8217;utente \u00e8 connesso a Facebook, Facebook pu\u00f2 assegnare la visita al suo account Facebook. Quando gli utenti interagiscono con i plugin, ad esempio cliccando sul pulsante Mi piace o pubblicando un commento, le informazioni corrispondenti vengono trasmesse direttamente dal tuo browser a Facebook e memorizzate. Se un utente non \u00e8 iscritto a Facebook, \u00e8 comunque possibile che Facebook scopra e memorizzi il suo indirizzo IP. Secondo Facebook, in Germania viene memorizzato solo un indirizzo IP anonimo.<\/p>\n<p>Lo scopo e l&#8217;ambito della raccolta dei dati, l&#8217;ulteriore elaborazione e l&#8217;utilizzo dei dati da parte di Facebook, nonch\u00e9 i relativi diritti e le opzioni di impostazione per proteggere la privacy degli utenti possono essere consultati nelle informazioni sulla protezione dei dati di Facebook:<a href=\"https:\/\/www.facebook.com\/about\/privacy\/\">https:\/\/www.facebook.com\/about\/privacy\/.<\/a><\/p>\n<p>Se un utente \u00e8 iscritto a Facebook e non vuole che Facebook raccolga dati su di lui attraverso questo sito web e li colleghi ai suoi dati di iscrizione memorizzati su Facebook, deve disconnettersi da Facebook prima di visitare il sito web.<\/p>\n<p>\u00c8 anche possibile bloccare i social plugin di Facebook con dei componenti aggiuntivi per il tuo browser, ad esempio con il &#8220;Facebook Blocker&#8221;.<\/p>\n<p><strong>Revoca, modifiche, correzioni e aggiornamenti<br \/>\n<\/strong>L&#8217;utente ha il diritto di richiedere gratuitamente informazioni sui dati personali che lo riguardano. Inoltre, l&#8217;utente ha diritto alla rettifica dei dati errati, al blocco e alla cancellazione dei propri dati personali, nella misura in cui ci\u00f2 non sia in contrasto con eventuali obblighi di conservazione previsti dalla legge.<\/p>\n<p>&nbsp;<\/p>\n<section class=\"vc_row wpb_row vc_row-fluid liquid-row-shadowbox-65d24a015757b\">\n<div class=\"ld-container container\">\n<div class=\"row ld-row\">\n<div class=\"wpb_column vc_column_container vc_col-sm-12 liquid-column-65d24a01576da\">\n<div class=\"vc_column-inner\">\n<div class=\"wpb_wrapper \">\n<div class=\"wpb_wrapper-inner\">\n<div class=\"wpb_text_column wpb_content_element \">\n<div class=\"wpb_wrapper\">\n<p><strong>Diritti d&#8217;immagine<br \/>\n<\/strong>\u00a9 TVB Stubai \/ Tirol &#8211; Max Dr\u00e4ger, Andre Sch\u00f6nherr, Armin Ribis, Julian Raggl<br \/>\n\u00a9 Schlick 2000<br \/>\nCampeggio Stubai<\/p>\n<\/div>\n<\/div>\n<\/div>\n<\/div>\n<\/div>\n<\/div>\n<\/div>\n<\/div>\n<\/section>\n<p>&nbsp;<\/p>\n<footer id=\"footer\" class=\"main-footer site-footer footer\">\n<section class=\"vc_row wpb_row vc_row-fluid liquid-row-shadowbox-65d24a0157cce\">\n<div class=\"ld-container container\">\n<div class=\"row ld-row\">\n<div class=\"wpb_column vc_column_container vc_col-sm-12 liquid-column-65d24a0157e19\">\n<div class=\"vc_column-inner\">\n<div class=\"wpb_wrapper \">\n<div class=\"wpb_wrapper-inner\"><\/div>\n<\/div>\n<\/div>\n<\/div>\n<\/div>\n<\/div>\n<\/section>\n<\/footer>\n<\/div>\n<\/div>\n<p>[\/vc_column_text][\/vc_column][\/vc_row]<\/p>\n<\/div>","protected":false},"excerpt":{"rendered":"<p>[vc_row][vc_column][vc_column_text] Protezione dei dati [\/vc_column_text][vc_empty_space height=&#8221;60px&#8221;][\/vc_column][\/vc_row][vc_row gap=&#8221;35&#8243;][vc_column][vc_column_text] Ambito di applicazione La presente dichiarazione sulla protezione&#8230;<\/p>\n","protected":false},"author":2,"featured_media":0,"parent":0,"menu_order":0,"comment_status":"closed","ping_status":"closed","template":"","meta":{"inline_featured_image":false,"footnotes":""},"class_list":["post-877","page","type-page","status-publish","hentry"],"_links":{"self":[{"href":"https:\/\/www.campingstubai.at\/it\/wp-json\/wp\/v2\/pages\/877","targetHints":{"allow":["GET"]}}],"collection":[{"href":"https:\/\/www.campingstubai.at\/it\/wp-json\/wp\/v2\/pages"}],"about":[{"href":"https:\/\/www.campingstubai.at\/it\/wp-json\/wp\/v2\/types\/page"}],"author":[{"embeddable":true,"href":"https:\/\/www.campingstubai.at\/it\/wp-json\/wp\/v2\/users\/2"}],"replies":[{"embeddable":true,"href":"https:\/\/www.campingstubai.at\/it\/wp-json\/wp\/v2\/comments?post=877"}],"version-history":[{"count":2,"href":"https:\/\/www.campingstubai.at\/it\/wp-json\/wp\/v2\/pages\/877\/revisions"}],"predecessor-version":[{"id":880,"href":"https:\/\/www.campingstubai.at\/it\/wp-json\/wp\/v2\/pages\/877\/revisions\/880"}],"wp:attachment":[{"href":"https:\/\/www.campingstubai.at\/it\/wp-json\/wp\/v2\/media?parent=877"}],"curies":[{"name":"wp","href":"https:\/\/api.w.org\/{rel}","templated":true}]}}